{"id":2880,"date":"2023-08-13T17:35:02","date_gmt":"2023-08-13T15:35:02","guid":{"rendered":"https:\/\/v-gbk.org\/imprint\/"},"modified":"2025-05-20T16:35:38","modified_gmt":"2025-05-20T14:35:38","slug":"imprint","status":"publish","type":"page","link":"https:\/\/v-gbk.org\/en\/imprint\/","title":{"rendered":"Imprint"},"content":{"rendered":"\n<p>Verein zur F\u00f6rderung der Gr\u00fcnen Baukultur (Association for the promotion of Green Building Culture)<br\/>Westbahnstra\u00dfe 7\/6a<br\/>1070 Vienna<br\/><a href=\"mailto:verein@v-gbk.org\">verein@v-gbk.org<\/a><br\/>www.v-gbk.org<br\/>ZVR 1994919964<\/p>\n\n<p>The Association for the Promotion of Green Building Culture is based in Vienna and operates throughout Austria, Europe, and internationally. The establishment of branch associations is not intended. The association exclusively pursues non-profit purposes in accordance with the Austrian Federal Fiscal Code (Bundesabgabenordnung) and is not profit-oriented. <\/p>\n\n<ol class=\"wp-block-list\">\n<li>The scientific association, which is non-profit in nature, is committed to research and adult education. It aims to promote scientific activity and the dissemination of knowledge related to strategies and measures in the field of sustainable construction, as well as the networking of businesses within the green sector.<\/li>\n\n\n\n<li>Operating and promoting scientific and applied research, especially in the fields of planning and construction sciences, engineering disciplines, as well as crafts and technology.<\/li>\n\n\n\n<li>Advancing digitalization in the above-mentioned areas.<\/li>\n\n\n\n<li>Promoting sustainability and the circular economy in planning and construction processes.<\/li>\n\n\n\n<li>Providing continuing education for individuals and institutions working in planning and construction sciences, engineering, crafts, and technology.<\/li>\n\n\n\n<li>Networking professionals and institutions involved in planning, construction, execution, as well as the technical maintenance and operation of green, grey, and blue infrastructure.<\/li>\n\n\n\n<li>Promoting the participation of girls and women in these fields.<\/li>\n\n\n\n<li>Exchanging knowledge with colleagues at schools, universities, universities of applied sciences, public authorities, and in the private sector. Supporting international collaboration and networking.<\/li>\n\n\n\n<li>Creating space for cultural and artistic representation of the above-mentioned fields.<\/li>\n\n\n\n<li>A key focus of the association is the promotion and advancement of interdisciplinary, transdisciplinary, and multidisciplinary approaches.<\/li>\n<\/ol>\n\n<p><\/p>\n","protected":false},"excerpt":{"rendered":"<p>Verein zur F\u00f6rderung der Gr\u00fcnen Baukultur (Association for the promotion of Green Building Culture)Westbahnstra\u00dfe 7\/6a1070 Viennaverein@v-gbk.orgwww.v-gbk.orgZVR 1994919964 The Association for the Promotion of Green Building Culture is based in Vienna [&hellip;]<\/p>\n","protected":false},"author":2,"featured_media":0,"parent":0,"menu_order":0,"comment_status":"closed","ping_status":"closed","template":"","meta":{"_bbp_topic_count":0,"_bbp_reply_count":0,"_bbp_total_topic_count":0,"_bbp_total_reply_count":0,"_bbp_voice_count":0,"_bbp_anonymous_reply_count":0,"_bbp_topic_count_hidden":0,"_bbp_reply_count_hidden":0,"_bbp_forum_subforum_count":0,"site-sidebar-layout":"default","site-content-layout":"","ast-site-content-layout":"default","site-content-style":"default","site-sidebar-style":"default","ast-global-header-display":"","ast-banner-title-visibility":"","ast-main-header-display":"","ast-hfb-above-header-display":"","ast-hfb-below-header-display":"","ast-hfb-mobile-header-display":"","site-post-title":"","ast-breadcrumbs-content":"","ast-featured-img":"","footer-sml-layout":"","ast-disable-related-posts":"","theme-transparent-header-meta":"","adv-header-id-meta":"","stick-header-meta":"","header-above-stick-meta":"","header-main-stick-meta":"","header-below-stick-meta":"","astra-migrate-meta-layouts":"default","ast-page-background-enabled":"default","ast-page-background-meta":{"desktop":{"background-color":"var(--ast-global-color-4)","background-image":"","background-repeat":"repeat","background-position":"center center","background-size":"auto","background-attachment":"scroll","background-type":"","background-media":"","overlay-type":"","overlay-color":"","overlay-opacity":"","overlay-gradient":""},"tablet":{"background-color":"","background-image":"","background-repeat":"repeat","background-position":"center center","background-size":"auto","background-attachment":"scroll","background-type":"","background-media":"","overlay-type":"","overlay-color":"","overlay-opacity":"","overlay-gradient":""},"mobile":{"background-color":"","background-image":"","background-repeat":"repeat","background-position":"center center","background-size":"auto","background-attachment":"scroll","background-type":"","background-media":"","overlay-type":"","overlay-color":"","overlay-opacity":"","overlay-gradient":""}},"ast-content-background-meta":{"desktop":{"background-color":"var(--ast-global-color-5)","background-image":"","background-repeat":"repeat","background-position":"center center","background-size":"auto","background-attachment":"scroll","background-type":"","background-media":"","overlay-type":"","overlay-color":"","overlay-opacity":"","overlay-gradient":""},"tablet":{"background-color":"var(--ast-global-color-5)","background-image":"","background-repeat":"repeat","background-position":"center center","background-size":"auto","background-attachment":"scroll","background-type":"","background-media":"","overlay-type":"","overlay-color":"","overlay-opacity":"","overlay-gradient":""},"mobile":{"background-color":"var(--ast-global-color-5)","background-image":"","background-repeat":"repeat","background-position":"center center","background-size":"auto","background-attachment":"scroll","background-type":"","background-media":"","overlay-type":"","overlay-color":"","overlay-opacity":"","overlay-gradient":""}},"_price":"","_stock":"","_tribe_ticket_header":"","_tribe_default_ticket_provider":"","_tribe_ticket_capacity":"0","_ticket_start_date":"","_ticket_end_date":"","_tribe_ticket_show_description":"","_tribe_ticket_show_not_going":false,"_tribe_ticket_use_global_stock":"","_tribe_ticket_global_stock_level":"","_global_stock_mode":"","_global_stock_cap":"","_tribe_rsvp_for_event":"","_tribe_ticket_going_count":"","_tribe_ticket_not_going_count":"","_tribe_tickets_list":"[]","_tribe_ticket_has_attendee_info_fields":false,"footnotes":"","_tec_slr_enabled":"","_tec_slr_layout":""},"folder":[],"class_list":["post-2880","page","type-page","status-publish","hentry"],"ticketed":false,"_links":{"self":[{"href":"https:\/\/v-gbk.org\/en\/wp-json\/wp\/v2\/pages\/2880","targetHints":{"allow":["GET"]}}],"collection":[{"href":"https:\/\/v-gbk.org\/en\/wp-json\/wp\/v2\/pages"}],"about":[{"href":"https:\/\/v-gbk.org\/en\/wp-json\/wp\/v2\/types\/page"}],"author":[{"embeddable":true,"href":"https:\/\/v-gbk.org\/en\/wp-json\/wp\/v2\/users\/2"}],"replies":[{"embeddable":true,"href":"https:\/\/v-gbk.org\/en\/wp-json\/wp\/v2\/comments?post=2880"}],"version-history":[{"count":1,"href":"https:\/\/v-gbk.org\/en\/wp-json\/wp\/v2\/pages\/2880\/revisions"}],"predecessor-version":[{"id":2881,"href":"https:\/\/v-gbk.org\/en\/wp-json\/wp\/v2\/pages\/2880\/revisions\/2881"}],"wp:attachment":[{"href":"https:\/\/v-gbk.org\/en\/wp-json\/wp\/v2\/media?parent=2880"}],"wp:term":[{"taxonomy":"folder","embeddable":true,"href":"https:\/\/v-gbk.org\/en\/wp-json\/wp\/v2\/folder?post=2880"}],"curies":[{"name":"wp","href":"https:\/\/api.w.org\/{rel}","templated":true}]}}